{"id":13,"date":"2023-07-05T09:51:51","date_gmt":"2023-07-05T09:51:51","guid":{"rendered":"http:\/\/www.petrianttonen.fi\/?page_id=13"},"modified":"2025-02-11T10:27:16","modified_gmt":"2025-02-11T10:27:16","slug":"cv","status":"publish","type":"page","link":"https:\/\/www.petrianttonen.fi\/?page_id=13","title":{"rendered":"CV"},"content":{"rendered":"\n<p><br><\/p>\n\n\n\n<p>Petri Anttonen was born in Helsinki, Finland in 1961. He lives and works in Helsinki.<br><br><br>EDUCATION<br><br>2005 Doctor of Arts, University of Arts and Design (Aalto University), Department of Photography, Helsinki<br>1999 Licentiate of Arts, University of Arts and Design (Aalto University), Department of Photography, Helsinki<br>1993 Master of Arts, University of Arts and Design (Aalto University), Department of Photography, Helsinki<br><br><br>SOLO EXHIBITIONS<br><br>2022 AVA International Gallery, Helsinki, FI: Timelessness in Motion, 3D Project<br>2018 Mikkeli Centre of Photography, Mikkeli, FI: Hetkess\u00e4 \u2013 In the Moment,\u00a03D Project<br>2015 Photographic Centre Nykyaika, Tampere \u2013 Kangasala, FI: Stereopsis,\u00a03D Project<br>2012 Hippolyte Photographic Gallery, Helsinki, FI: Lasitettu maa \u2013 Glazed Land, 3D Project<br>2010 Business Park Gallery, Espoo, FI: Ajan kosketus \u2013 The Touch of Time<br>2008 Mikkeli Centre of Photography, Mikkeli, FI: Ei loppua \u2013 No End<br>2006 Mikkeli Centre of Photography, Mikkeli, FI: Ajan kosketus \u2013 The Touch of Time<br>2005 University of Arts and Design, Helsinki, FI: Ajan kosketus \u2013 The Touch of Time<br>2000 VB Photographic Centre, Kuopio, FI: Ajan mysteeri \u2013 The Mystery of Time<br>1999 Photographic Centre Peri, Turku, FI: Ajan kudos \u2013 The Weave of Time<br>1999 Hippolyte Photographic Gallery, Helsinki, FI: Ajan kudos \u2013 The Weave of Time<br>1997 Gallery H\u00e4me, Lahti, FI: Ajan kosketus ja arvoitus \u2013 The Touch of Time and The Enigma of Time<br>1996 Gallery Laterna Magica, Helsinki, FI: Ajan kosketus \u2013 The Touch of Time<br>1994 Gallery Zebra, Karjaa, FI: Tidens G\u00e5ta \u2013 The Enigma of Time<br>1994 Gallery Luukku, Joensuu, FI, Ajan arvoitus \u2013 The Enigma of Time<br>1993 Gallery Finnfoto \u2013 Gallery &amp; Room, Helsinki, FI: Ajan arvoitus \u2013 The Enigma of Time<br><br><br>SELECTED GROUP EXHIBITIONS<br><br>2024 The Finnish Museum of Photography, Helsinki, FI: Kesyt\u00f6n ys\u00e4ri \u2013 suomalaisen taiteen 1990-luku<br>2023 Enokojima Art, Culture and Creative Center, Osaka, Japan: AVA Art Festival Osaka<br>2022 London Contemporary Art Fair 2022 \u2013 4th Edition, London, GB: 3D Project<br>2021 BELA Biennial of European and Latin American contemporary Art, Kaapelitehdas, Helsinki,\u00a0BELA<br>2021 Glasshouse Helsinki, Helsinki, FI: AoPA, Summer Exhibition<br>2019\u00a0 VB Photographic Centre, Kuopio, FI: Manual<br>2018 Hippolyte Photographic Gallery, Helsinki, FI: Photograph of the Month<br>2018 Hippolyte Photographic Gallery, Helsinki, FI: Manual<br>2016 Vantaa Art Museum, Vantaa, FI: Cover Art \u2013 El\u00e4k\u00f6\u00f6n vinyyli!<br>2015 Pori Art Museum, Pori, FI: Reunion<br>2015 Hippolyte Photographic Gallery, Helsinki, FI: Knowledge<br>2014 The Art Factory, Culture and Congress Center, Porvoo, FI: Reunion<br>2013 Valomo, Kokem\u00e4ki, FI: 10th Summer Exhibition, The Human Experience<br>2013 Environmental Art Exhibition and Event, N\u00e4kym\u00e4 2013, Akaa, FI: Maa ja paikka \u2013 Land in Situ<br>2013 Lahti Art Museum, Lahti, FI: Valon houkutus \u2013 The Allure of Light<br>2013 The Finnish Museum of Photography, Helsinki, FI: Valokuva taiteeksi, Hannula &amp; Hinkka Collection<br>2012 Stockholm independent Art Fair, Kulturhuset, Stockholm, SE: Supermarket 2012<br>2010 Westf\u00e4lische Wilhelms Universit\u00e4t, M\u00fcnster, DE: 3D<br>2010 Art in the streets of Helsinki (HKR), Helsinki, FI: Street galleries<br>2010 Environmental Art in Kivinokka, Helsinki, FI: Metamorphosis<br>2009 Backlight Photo Festival, Tampere, FI: Photograph of the Month<br>2009 Environmental Art in Kivinokka, Helsinki, FI: J\u00e4ljet \u2013 Trace<br>2008 Environmental Art in Kivinokka, Helsinki, FI: Linnut \u2013 Birds<br>2007 Artists\u2019 Association of Finland, South Karelia Art Museum, Lappeenranta, FI: Rajanylityksi\u00e4 \u2013 Transgressions<br>2007 Mikkeli Centre of Photography, Mikkeli, FI: Stereovalokuvan taika \u2013 The Magic of 3-D Photography<br>2007 Union of artist photographers annual exhibition, Helsinki, FI: Art Fair<br>2007 The Finnish Museum of Photography, Helsinki, FI: Harmaa aines \u2013 Grey Matters; Photography is Thinking<br>2006 Kaunas Photo Days 06, Kaunas, LTU: Festival of Photography<br>2005 National University of Australia, Canberra, AUS: Art and Time Symposium<br>2005 Union of artist photographers annual exhibition, Helsinki, FI: Art Fair<br>2005 The Finnish Museum of Photography, Helsinki, FI: Katsoa vai n\u00e4hd\u00e4<br>2003 Art Centre Voipaala, S\u00e4\u00e4ksm\u00e4ki, FI: Kuva ja sana<br>2000 Art Forum Berlin, DE: The Helsinki School, Gallery TaiK<br>2000 Union of artist photographers annual exhibition, Helsinki, FI: Pure Art<br>2000 Ateneum, Finnish National Gallery, Helsinki, FI: Think 2000<br>2000 Stockholm Art Fair, SE, The Helsinki School, Gallery TaiK<br>2000 Taidehalli \u2013 Kunsthalle, Helsinki, FI: The 105th annual exhibition of Finnish artists<br>1999 Union of artist photographers, Helsinki, FI: Annual exhibition<br>1999 The Finnish Museum of Photography, Helsinki, FI: Collection exhibition<br>1998 The Cabel Factory, Helsinki, FI: Muumediafestival 98<br>1998 Union of artist photographers, Helsinki, FI: Annual exhibition<br>1997 Gallen-Kallela Museum, Helsinki, FI: Rumpu ja kamera \u2013 The Drum and the Camera<br>1997 Union of artist photographers, Helsinki, FI: Annual exhibition<br>1996 Gallery Workshop, Helsinki, FI: The Touch of Time<br>1996 The Manchester Museum, GB: Divers Memories<br>1996 Union of artist photographers annual exhibition, Helsinki, FI<br>1996 Pielisen museo \u2013 The Museum of Lieksa, Lieksa, FI: Muistoja syv\u00e4lt\u00e4 \u2013 Divers Memories<br>1996 Robert Gordon University, Aberdeen, GB: The Touch of Time<br>1995 Art Centre Taarasti, Nastola, FI: The Touch of Time<br>1995 Galleria Toukokuu, Helsinki, FI: The Touch of Time<br>1994 Kuvataideakatemia Gallery, Helsinki, FI: Low-Tech<br>1994 Union of artist photographers annual exhibition, Helsinki, FI<br>1994 Photographic Centre Peri, Turku, FI: The Enigma of Time<br>1994 Turku AV-biennial, Turku, FI: Valokuva-magazine Group<br>1993 Nyirbator, Budapest, HUN: The Enigma of Time<br>1993 Into Galleria, Helsinki, FI: Work in progress<br>1992 The Cabel Factory, Helsinki, FI: Fotofinlandia<br>1988 Merikarvia, Pori, FI: Saaristolaiset \u2013 Islanders<br>1986 Gallery Vanha, Helsinki, FI: Vankila \u2013 The Prison<br>1985 Kajan Art Hall, Kajan, FI: The Summer of Kajan<br>1985 Jugend Hall, Helsinki, FI: Nuoriso \u2013 The Youth<br><br><br>PUBLIC WORKS OF ART<br><br>2006 Arabianranta, 12 photographs Location:<br>Kylterinranta student housing, Kaj Franckin katu 4, Helsinki, FI: The Touch of Time<br>1999 Viikki Library, Viikki Info Centre, Photographic work<br>Location: Viikinkaari 11, Helsinki, FI: Kudelma \u2013 Weave<br><br><br>WORKS IN COLLECTIONS<br><br>2008 The Finnish Museum of Photography, Helsinki, FI<br>2005 The Finnish Museum of Photography, Helsinki, FI<br>2000 Collection Pentti Kouri, New York, US<br>2000 The Finnish Museum of Photography, Helsinki, FI<br>1999 Helsinki Art Museum, Helsinki, FI<br>1998 State Art Collection, Helsinki, FI<br>1998 The Finnish Museum of Photography, Helsinki, FI<br>1998 State Art Collection, Helsinki FI<br>1997 Lahti City Art Collection, Lahti, FI<br>1994 State Art Collection, Helsinki, FI<br>1993\u2013 Several privat collections<br><br><br>PRIZES<br><br>1999 Finnish State Prize for Photography,\u00a0Arts Council of Finland<br>1993 A special award for a particularly good thesis, University of Arts and Design<br><br><br>GRANTS<br><br>2022 Arts Promotion Centre Finland, \u00bd-year artist grant<br>2021 Finnfoto, production grant<br>2021 Arts Promotion Centre Finland, \u00bd-year artist grant<br>2021 Finnfoto, production grant<br>2019\u00a0Kone Foundation, \u00bd-year artist grant<br>2019 Finnish Cultural Foundation<br>2018 Finnish Cultural Foundation<br>2016\u00a0Finnish Cultural Foundation<br>2015 Arts Promotion Centre Finland, Uusimaa\u00a0Regional Fund<br>2014\u00a0Kone Foundation<br>2014\u00a0National Council for Photographic Art, project grant<br>2013 Finnish Cultural Foundation, Uusimaa Regional Fund<br>2012 Arts Council of Finland, public display grant<br>2012 National Council for Photographic Art, project grant<br>2010 Finnish Cultural Foundation<br>2008 National Council for Photographic Art, project grant<br>2007 National Council for Photographic Art, artist grant for five years<br>2006 Arts Council of Finland, production grant<br>2006 University of Arts and Design, project grant<br>2006 Arts Council of Finland, residence grant<br>2005 University of Arts and Design, travel grant<br>2005 National Council for Photographic Art, project grant<br>2004 Finnish Cultural Foundation<br>2003 National Council for Photographic Art, grant for the production of photography<br>2003 Finnish Cultural Foundation<br>2002 Alfred Kordelin Foundation<br>2001 Arts Council of Finland, public display grant<br>1999 Finnish Cultural Foundation<br>1998 Finnfoto, special grant<br>1998 University of Arts and Design, special grant<br>1998 National Council for Photographic Art, project grant<br>1998 University of Arts and Design, project grant<br>1998 Finnish Cultural Foundation<br>1997 Alfred Kordelin Foundation<br>1997 National Council for Photographic Art, project grant<br>1996 Finnish Cultural Foundation<br>1996 National Council for Photographic Art, \u00bd-year artist grant<br>1995 Finnish Cultural Foundation<br>1995 University of Arts and Design<br>1993 National Council for Photographic Art, project grant<br>1993 Finnfoto grant<br><br><br>ARTIST IN RESIDENCE<br><br>2009 Kone Foundation, The Saari Residence, FI<br>2008 Finnish Artists\u2019 Studio Foundation, The Marbella Residence, ES<br>2006 Finnish Cultural Foundation, Stiftung K\u00fcnstlerdorf Sch\u00f6ppingen, DE<br><br><br>BOOKS<br><br>2006 Petri Anttonen: The Touch of Time \u2013 Temporal Sequence Photography as Works and Theory,<br>trans. J\u00fcri Kokkonen, p. 200. (Ajan kosketus \u2013 Aikasarjavalokuva teoksina ja teoriana, 2005)<br>Publication series of the University of Art and Design Helsinki A 64.<br>ISSN 0782\u20131832, ISBN 951\u2013558\u2013201\u20136.<br>2005 Petri Anttonen: Ajan kosketus \u2013 Aikasarjavalokuva teoksina ja teoriana, p. 222.<br>Publication series of the University of Art and Design Helsinki A 58.<br>Musta Taide 1\/2005, ISSN 0788\u20132467, ISBN 952\u20139851\u201360\u2013X.<br><br><br>ARTICLES<br><br>2007 Petri Anttonen: \u201cStereopsis in the Moment of the Photograph\u201d, trans. J\u00fcri Kokkonen (Stereopsis valokuvan hetkess\u00e4). In Stereovalokuvan taika \u2013 The Magic of 3-D Photography, ed. Olli Jaatinen, pp. 26\u201337, pp. 154\u2013164. Musta Taide 4\/2007, ISSN 0788\u20132467, ISBN 978\u2013952\u20139851\u201383\u20136.<br>2007 Petri Anttonen: \u201cIn the Present Moment of Art\u201d. In Turku Biennial 2007 \u2013\u00a0In the Moment, exhibition catalogue, pp. 76\u201383.<br>1998 Petri Anttonen: \u201cAjan kosketus\u201d. In Foto-magazine.<br>1997 Petri Anttonen: \u201cAjan kosketus, hetkien murros\u201d In Musta Taide: The Drum and the Camera, 2\/97.<br>1997 Petri Anttonen: \u201cTirkistysreik\u00e4 toiseen\u201d In Musta Taide, 1\/97.<br>1996 Petri Anttonen: \u201cV\u00e4itteit\u00e4 valokuvan sopimuksenvaraisuudesta\u201d. In Valokuva-magazine, 4\/96.<br>1995 Petri Anttonen: \u201cLiukuva aika\u201d. In Arttu!-magazine 5\/95<br>1994 Petri Anttonen: \u201cLiukuva suljin\u201d. In Valokuva-magazine, 5\/94.<br>1992 Petri Anttonen: \u201cAjan henget\u201d In Valokuva-magazine, 1\/92.<br><br><br>SELECTED PRESS<br><br>2019 Savon Sanomat, Veera J\u00e4\u00e4skel\u00e4inen: \u201cMietint\u00f6j\u00e4 ty\u00f6tavoista\u201d, 22 March 2019<br>2018 Radio interview, YLE Etel\u00e4-Savo, Maria Bonnor: \u201cHetkess\u00e4 \u2013 In the Moment\u201d, 10 October 2018<br>2018 Hufvudstadsbladet, Helen Korpak: \u201cDemokratisk men odramatisk\u201d, 5 May 2018<br>2015 Kangasalan sanomat: Kolmiulotteisia valokuvia galleriassa\u201d, 2 May 2015<br>2014 Kamera, Harri Hietala: \u201cPetri Anttosen poikkeuksellisia 3D-kuvia voi katsoa ilman katselulaseja\u201d, 5\/2014<br>2012 Helsingin Sanomat, Timo Valjakka: \u201cKaupunkitila rakentuu lasista ja \u00e4\u00e4nist\u00e4\u201d, 19 April 2012<br>2012 Hufvudstadsbladet, Synn\u00f6ve Rabb: \u201cSkimrande objekt\u201d, 14 April 2012<br>2012 TV News, YLE 1, Janne M\u00e4llinen: \u201cValokuvaaja Petri Anttonen kehitt\u00e4\u00e4 kolmiulotteista valokuvataidetta\u201d,\u00a030 March 2012 at 6 p.m.<br>2010 Sielun Peili, Merja Kiviluoma: \u201cVisuaalisia virikkeit\u00e4 ajan virrassa\u201d, 5\/2010<br>2007 University of Arts and Design, catalogue with introductions, Publications 2007<br>2007 Lappeenrantalainen, article, 21 March 2007<br>2007 Etel\u00e4-Saimaa, article, 17 March 2007<br>2006 Taide-magazine, book review, Kari Yliannala: \u201cAjan kosketus\u201d 4\/2006<br>2006 Kirkko &amp; kaupunki, Janne Villa: \u201cPetri Anttonen kuvasi Ajan kosketuksen\u201d, 20 September 2006<br>2006 L\u00e4nsi-Savo, article: \u201cAika virtaa Petri Anttosen kuvissa\u201d, 17 May 2006<br>2005 Helsingin Sanomat, Anu Uimonen: \u201cYhteen kuvaan mahtuu monta aikaa\u201d, 28 April 2005<br>2003 Aamulehti, Sirpa Rauhaniemi: \u201cKulttuurikierros\u201d, 30 September 2003<br>2001 Savon Sanomat, Ritvaliisa Kerman: \u201cVB-keskuksen n\u00e4yttely Ajan mysteeri\u201d, 5 January 2001<br>2000 Helsingin Sanomat, article: \u201cAika hankala aika\u201d, 31 December 2000<br>2000 Ihme-magazine, article: \u201cAjan mysteeri VB-keskuksella\u201d,12\/2000<br>2000 Savon Sanomat, Risto L\u00f6f: \u201cAika tekee taikaa valokuvassa\u201d, 24 November 2000<br>2000 Viikko-Savo, article: \u201cValokuvia ajan mysteerist\u00e4\u201d, 22 November 2000<br>2000 Helsingin Sanomat NYT, Pessi Rautio: \u201cHer\u00e4tyskello koneessa\u201d, HS NYT 51\u201352<br>2000 Arttu!, article: \u201cN\u00e4yttelyty\u00f6t ja tekij\u00e4t\u201d, 3\/2000<br>2000 Concordia, article: \u201cThink 2000\u201d, 2\/2000<br>2000 Arttu!, article: \u201cParhaista parhain n\u00e4yttelyksi Ateneumiin toukokuussa\u201d, 2\/2000<br>2000 Think 2000, publication:\u201dThinking Incl.\u201d, 2\/2000<br>1999 Helsingin Sanomat, Marja-Terttu Kivirinta:\u00a0\u201cPetri Anttonen sai valokuvan valtionpalkinnon\u201d, 3 November 1999<br>1999 Metro, STT: \u201cPetri Anttoselle valokuvapalkinto\u201d, 3 November 1999<br>1999 Helsingin Sanomat, Erkki Kylm\u00e4nen: \u201cValokuvatiedett\u00e4 taiteen keinoin\u201d, 21 March 1999<br>1998 Foto-Magazine, article: \u201cKatoava milj\u00f6\u00f6 ja taiteellinen tutkimus\u201d, 2-3\/1998<br>1997 Etel\u00e4-Suomen Sanomat, Mika Suvioja: \u201cSuhteellisuusteoria surrealistisina n\u00e4kyin\u00e4\u201d, 23 March 1997<br>1997 Etel\u00e4-Suomen Sanomat, Riitta Wikstr\u00f6m: \u201cPetri Anttosen vaikuttavat valokuvat\u201d, 12 March 1997<br>1996 Helsingin Sanomat, article: \u201cValoa vainajien kasvoilla\u201d, 9 March 1996<br>1995 Etel\u00e4-Suomen Sanomat, Anuirmeli Sallamo: \u201cLuontoa luonnon keskell\u00e4\u201d, 29 July 1995<br>1995 Nastola-lehti, Tiina Riuttanen: \u201cKuuden kuvaajan yksityiset\u201d, 27 July 1995<br>1994 L\u00e4nsi-Uusimaa, Seija Henrikson: \u201cKarjaan Zebrassa aika n\u00e4kyy valokuvissa\u201d, 9 April 1994<br>1994 V\u00e4stra Nyland, Beatrice Brandt: \u201cLikhetstecken mellan m\u00e4nniska och natur i experimentell\u00a0fotokonst\u201d, 9 April 1994<br>1994 Karjalainen, Nora Schuurman: \u201cAnttoselle aika on arvoitus\u201d, 25 January 1994<br>1993 Tiede 2000, Leena Saraste: \u201cValokuva, l\u00e4sn\u00e4olon magiaa\u201d, 7\/93<br>1993 Helsingin Sanomat, Anne Rouhiainen:\u00a0\u201cPetri Anttosen Ajan arvoitus Finnfotossa\u201d, 5 November 1993<br>1993 Anna-magazine, Hanna J\u00e4ms\u00e4: Kulttuuripulssi, \u201cAjan arvoitus\u201d, 26 October 1993<br><br><br>EXPERIENCE IN HIGHER EDUCATION<br><br>2000\u2013 to date, Lecturer in contemporary photography:<br>Aalto University School of Arts, Design and Architecture,<br>Turku University of Applied Sciences<br>1995\u2013 to date, Lecturer in history of photography:<br>Aalto University School of Arts, Design and Architecture,<br>Turku University of Applied Sciences,<br>Lahti University of Applied Sciences,<br>Tampere University of Applied Sciences<br><br><br>MEMBERSHIPS AND CONFIDENTIAL POSTS<br><br>2017 Preliminary inspector for a doctoral dissertation in Aalto University<br>2012 Preliminary inspector for a doctoral dissertation in Aalto University<br>2003 Member of jury in Turku Art Museum prize competition<br>2002 Member of jury of The 107th annual exhibition of Finnish artists<br>2001\u201306 Finnish Union of University Researchers and Teachers<br>2001\u201303 Member of board of Association of Artists in Photography<br>1994\u2013 to date, Finnish Association of Artists in Photography<\/p>\n","protected":false},"excerpt":{"rendered":"<p>Petri Anttonen was born in Helsinki, Finland in 1961. He lives and works in Helsinki. EDUCATION 2005 Doctor of Arts, University of Arts and Design (Aalto University), Department of Photography, Helsinki1999 Licentiate of Arts, University of Arts and Design (Aalto University), Department of Photography, Helsinki1993 Master of Arts, University of Arts and Design (Aalto University), &#8230; <a title=\"CV\" class=\"read-more\" href=\"https:\/\/www.petrianttonen.fi\/?page_id=13\" aria-label=\"More on CV\">Read more<\/a><\/p>\n","protected":false},"author":1,"featured_media":0,"parent":0,"menu_order":0,"comment_status":"closed","ping_status":"closed","template":"","meta":{"footnotes":""},"class_list":["post-13","page","type-page","status-publish"],"_links":{"self":[{"href":"https:\/\/www.petrianttonen.fi\/index.php?rest_route=\/wp\/v2\/pages\/13","targetHints":{"allow":["GET"]}}],"collection":[{"href":"https:\/\/www.petrianttonen.fi\/index.php?rest_route=\/wp\/v2\/pages"}],"about":[{"href":"https:\/\/www.petrianttonen.fi\/index.php?rest_route=\/wp\/v2\/types\/page"}],"author":[{"embeddable":true,"href":"https:\/\/www.petrianttonen.fi\/index.php?rest_route=\/wp\/v2\/users\/1"}],"replies":[{"embeddable":true,"href":"https:\/\/www.petrianttonen.fi\/index.php?rest_route=%2Fwp%2Fv2%2Fcomments&post=13"}],"version-history":[{"count":28,"href":"https:\/\/www.petrianttonen.fi\/index.php?rest_route=\/wp\/v2\/pages\/13\/revisions"}],"predecessor-version":[{"id":847,"href":"https:\/\/www.petrianttonen.fi\/index.php?rest_route=\/wp\/v2\/pages\/13\/revisions\/847"}],"wp:attachment":[{"href":"https:\/\/www.petrianttonen.fi\/index.php?rest_route=%2Fwp%2Fv2%2Fmedia&parent=13"}],"curies":[{"name":"wp","href":"https:\/\/api.w.org\/{rel}","templated":true}]}}